{"id":24,"date":"2013-08-09T09:12:40","date_gmt":"2013-08-09T07:12:40","guid":{"rendered":"http:\/\/www.izpitzacoln.si\/?page_id=24"},"modified":"2013-08-20T20:54:19","modified_gmt":"2013-08-20T18:54:19","slug":"izpit-za-vhf-gmdss","status":"publish","type":"page","link":"https:\/\/www.izpitzacoln.si\/?page_id=24","title":{"rendered":"Izpit za VHF GMDSS"},"content":{"rendered":"<p><a href=\"http:\/\/www.izpitzacoln.si\/wp-content\/uploads\/2013\/08\/sailsation_vhf.png\"><img loading=\"lazy\" decoding=\"async\" src=\"http:\/\/www.izpitzacoln.si\/wp-content\/uploads\/2013\/08\/sailsation_vhf.png\" alt=\"sailsation_vhf\" width=\"606\" height=\"277\" class=\"alignnone size-full wp-image-88\" srcset=\"https:\/\/www.izpitzacoln.si\/wp-content\/uploads\/2013\/08\/sailsation_vhf.png 606w, https:\/\/www.izpitzacoln.si\/wp-content\/uploads\/2013\/08\/sailsation_vhf-300x137.png 300w\" sizes=\"auto, (max-width: 606px) 100vw, 606px\" \/><\/a><br \/>\nNa \u010dolnu, ki ima radijsko postajo z digitalnim selektivnim klicem na zelo visokih frekvencah, se mora nahajati oseba, ki ima:<br \/>\n<a href=\"http:\/\/www.navticni-tecaji.si\/tecaj-za-vhf-gmdss\">potrdilo o usposobljenosti za upravljanje z VHF GMDSS postajo<\/a><br \/>\nKandidat, ki \u017eeli opravljati izpit, mora biti star najmanj 16 let. Pisno prijavo s prilogami vlo\u017ei na Upravi.<\/p>\n<p><strong>Izpitni program<\/strong> dolo\u010da teoreti\u010dni in prakti\u010dni del. Teoreti\u010dni del se opravlja ustno in obsega preverjanje znanja iz vseh vsebin izpitnega programa. Prakti\u010dni del izpita pa obsega pri predmetu delo na VHF GMDSS postaji ali na simulatorju preverjanje znanja iz oddajanja in sprejemanja signala za stisko, ki ga oddaja obalna radijska postaja ali ladja v stiski, oddajanje in sprejemanje komunikacij na prizori\u0161\u010du stiske in oddajanje in sprejemanje splo\u0161ne radijske komunikacije z obalnimi postajami oziroma drugimi plovili.<\/p>\n<p>Prakti\u010dni del izpita kandidati opravljajo na simulatorju Uprave RS za pomorstvo, GMDSS Tutor program TGS \u2013 4100, Transas Marine Ltd.  <\/p>\n<p><strong>Izpitni program<\/strong><\/p>\n<p>1. Pravila o radijski slu\u017ebi<br \/>\n2. Osnove radiotelefonije<br \/>\n3. Delo na VHF GMDSS postaji ali na simulatorju<\/p>\n<p><strong>Pravila o radijski slu\u017ebi:<\/strong><\/p>\n<ul>\n<li>opis in sestava radijskih postaj,<\/li>\n<li>sistem digitalnega selektivnega klica,<\/li>\n<li>poznavanje postopkov za vzpostavljanje komunikacij z radijsko napravo: v stiski, nujnosti in varnosti v slovenskem in angle\u0161kem jeziku;<\/li>\n<li>radiotelegrami,<\/li>\n<li>navigacijska opozorila,<\/li>\n<li>vremenska poro\u010dila in zdravni\u0161ki nasveti na morskem obmo\u010dju A1,<\/li>\n<li>namen in vrsta oddajanja,<\/li>\n<li>uporaba mednarodne tabele za \u010drkovanje \u010drk in \u0161tevilk.<\/li>\n<\/ul>\n<p><strong>Osnove radiotelefonije:<\/strong><\/p>\n<ul>\n<li>elektromagnetni valovi,<\/li>\n<li>frekvenca in valovna dol\u017eina,<\/li>\n<li>poznavanje osnovnih elementov radijskih postaj,<\/li>\n<li>princip delovanja sprejemnikov in oddajnikov,<\/li>\n<li>akumulatorji.<\/li>\n<\/ul>\n<p><strong>Delo na VHF GMDSS postaji ali na simulatorju:<\/strong><\/p>\n<ul>\n<li>oddajanje in sprejemanje signala za stisko, ki ga oddaja obalna radijska postaja ali ladja v stiski,<\/li>\n<li>oddajanje in sprejemanje komunikacij na prizori\u0161\u010du stiske,<\/li>\n<li>oddajanje in sprejemanje splo\u0161ne radijske komunikacije z obalnimi postajami oziroma drugimi plovili.<\/li>\n<\/ul>\n<p><strong>Te\u010daj za VHF GMDSS<\/strong><\/p>\n<p>Glede na zahtevnost izpita, ter na pomembnost obravnavanih tem je zelo priporo\u010den obisk <a href=\"http:\/\/www.navticni-tecaji.si\/tecaj-za-vhf-gmdss\">te\u010daja za VHF GMDSS<\/a>. Najve\u010dja \u0161ola za navti\u010dna izobra\u017eevanja v Sloveniji pa je www.navticni-tecaji.si . \u00a0Te\u010daji v ve\u010dini potekajo v enem dalj\u0161em sre\u010danu, ter imajo tudi ponavljalno sre\u010danje tik pred izpitom. \u00a0Na te\u010daju dobite tudi vso potrebno literaturo ter pripomo\u010dke, ki jih potrebujete za vajo in pripravo na <a href=\"http:\/\/www.navticni-tecaji.si\/tecaj-za-vhf-gmdss\">izpit za VHF GMDSS<\/a>. Najpomembnej\u0161i del te\u010daja pa je delo na simulatorju VHF GMDSS, ki vam omogo\u010da vajo in pripravo na simulator, ki ga imate tudi na <a href=\"http:\/\/www.navticni-tecaji.si\/tecaj-za-vhf-gmdss\">izpitu VHF GMDSS<\/a> na Upravi.<\/p>\n","protected":false},"excerpt":{"rendered":"<p>Na \u010dolnu, ki ima radijsko postajo z digitalnim selektivnim klicem na zelo visokih frekvencah, se mora nahajati oseba, ki ima: potrdilo o usposobljenosti za upravljanje z VHF GMDSS postajo Kandidat, ki \u017eeli opravljati izpit, mora biti star najmanj 16 let. Pisno prijavo s prilogami vlo\u017ei na Upravi. Izpitni program dolo\u010da teoreti\u010dni in prakti\u010dni del. Teoreti\u010dni &hellip; <a href=\"https:\/\/www.izpitzacoln.si\/?page_id=24\" class=\"more-link\">Preberi ve\u010d <span class=\"screen-reader-text\">Izpit za VHF GMDSS<\/span> <span class=\"meta-nav\">&rarr;<\/span><\/a><\/p>\n","protected":false},"author":2,"featured_media":0,"parent":0,"menu_order":0,"comment_status":"closed","ping_status":"open","template":"","meta":{"footnotes":""},"class_list":["post-24","page","type-page","status-publish","hentry"],"_links":{"self":[{"href":"https:\/\/www.izpitzacoln.si\/index.php?rest_route=\/wp\/v2\/pages\/24","targetHints":{"allow":["GET"]}}],"collection":[{"href":"https:\/\/www.izpitzacoln.si\/index.php?rest_route=\/wp\/v2\/pages"}],"about":[{"href":"https:\/\/www.izpitzacoln.si\/index.php?rest_route=\/wp\/v2\/types\/page"}],"author":[{"embeddable":true,"href":"https:\/\/www.izpitzacoln.si\/index.php?rest_route=\/wp\/v2\/users\/2"}],"replies":[{"embeddable":true,"href":"https:\/\/www.izpitzacoln.si\/index.php?rest_route=%2Fwp%2Fv2%2Fcomments&post=24"}],"version-history":[{"count":7,"href":"https:\/\/www.izpitzacoln.si\/index.php?rest_route=\/wp\/v2\/pages\/24\/revisions"}],"predecessor-version":[{"id":93,"href":"https:\/\/www.izpitzacoln.si\/index.php?rest_route=\/wp\/v2\/pages\/24\/revisions\/93"}],"wp:attachment":[{"href":"https:\/\/www.izpitzacoln.si\/index.php?rest_route=%2Fwp%2Fv2%2Fmedia&parent=24"}],"curies":[{"name":"wp","href":"https:\/\/api.w.org\/{rel}","templated":true}]}}