{"id":2,"date":"2013-08-06T12:45:50","date_gmt":"2013-08-06T12:45:50","guid":{"rendered":"http:\/\/www.izpitzacoln.si\/?page_id=2"},"modified":"2014-02-27T09:42:36","modified_gmt":"2014-02-27T07:42:36","slug":"sample-page","status":"publish","type":"page","link":"https:\/\/www.izpitzacoln.si\/?page_id=2","title":{"rendered":"O izpitu za voditelja \u010dolna"},"content":{"rendered":"<p><a href=\"http:\/\/www.izpitzacoln.si\/wp-content\/uploads\/2013\/08\/sailsation_coln.png\"><img loading=\"lazy\" decoding=\"async\" class=\"alignnone size-large wp-image-90\" alt=\"sailsation_coln\" src=\"http:\/\/www.izpitzacoln.si\/wp-content\/uploads\/2013\/08\/sailsation_coln-1024x470.png\" width=\"604\" height=\"277\" srcset=\"https:\/\/www.izpitzacoln.si\/wp-content\/uploads\/2013\/08\/sailsation_coln-1024x470.png 1024w, https:\/\/www.izpitzacoln.si\/wp-content\/uploads\/2013\/08\/sailsation_coln-300x137.png 300w, https:\/\/www.izpitzacoln.si\/wp-content\/uploads\/2013\/08\/sailsation_coln.png 1394w\" sizes=\"auto, (max-width: 604px) 100vw, 604px\" \/><\/a><br \/>\nOseba, ki upravlja \u010doln (razen \u010dolna z motorjem do 7.35 kW in do 7 m dol\u017eine ali vodni skuter, za katere mora imeti najmanj preizkus znanja za upravljanje s \u010dolnom) mora imeti potrdilo o usposobljenosti za voditelja \u010dolna. Oseba, ki upravlja \u010doln dol\u017eine do 12 metrov, mora biti stara najmanj 16 let. Oseba, ki upravlja gliser ali \u010doln dol\u017eine nad 12 metrov 12 metrov, mora biti stara najmanj 18 let.<\/p>\n<blockquote><p>Z izpitom lahko upravljate vsa plovila do 24m dol\u017eine, \u00a0ne glede na mo\u010d motorja.<\/p><\/blockquote>\n<p>Izpitni program dolo\u010da teoreti\u010dni in prakti\u010dni del izpita, ki traja najve\u010d trideset minut. Teoreti\u010dni del se opravlja ustno in obsega preverjanje znanja iz vseh predmetov izpitnega programa. Prakti\u010dni del izpita pa obsega pri predmetu <a title=\"No\u010dne oznake\" href=\"http:\/\/www.navticni-tecaji.si\/blog\/dnevne-nocne-oznake-pomoc-pri-izpitu-za-coln\">pravila o izogibanju tr\u010denja na morju<\/a> preverjanje znanja iz izogibanja tr\u010denja pri prehitevanju, kri\u017eanju in nasprotnih kurzih, pri predmetu osnove navigacije dolo\u010danje polo\u017eaja \u010dolna, navti\u010dne karte, njihovo branje in uporabo, dolo\u010danje kurza plovbe, merjenje oddaljenosti ter <a title=\"Mornarski vozli\" href=\"http:\/\/www.navticni-tecaji.si\/blog\/mornarski-vozli\">vrste vrvi in njihovo uporabo z vozli<\/a>\u00a0ter osnove <a href=\"http:\/\/www.izpit-za-coln.si\/blog\/izpitna-vprasanja-za-izpit-za-voditelja-colna-meteorologija\">meteorologije<\/a>.<\/p>\n<p>1. Pravila o izogibanju tr\u010denja na morju<br \/>\n2. Pomorski predpisi<br \/>\n3. Osnove navigacije<br \/>\n4. Osnove motoroznanstva<br \/>\n5. <a href=\"http:\/\/www.izpit-za-coln.si\/blog\/izpitna-vprasanja-za-izpit-za-voditelja-colna-mornarska-dela-vescine\">Mornarska dela in ve\u0161\u010dine<\/a><\/p>\n<p><strong>Pravila o izogibanju tr\u010denja na morju:<\/strong><\/p>\n<ul>\n<li>izogibanje tr\u010denja pri prehitevanju, kri\u017eanju in nasprotnih kurzih s prakti\u010dnim prikazom,<\/li>\n<li>lu\u010di in ozna\u010dbe za plovila na mehanski pogon &#8211; na jadra in vesla, kadar plovejo, vle\u010dejo, so zasidrane oziroma nasedle ali nesposobne oziroma omejeno sposobne za manevriranje in za plovila med ribarjenjem,<\/li>\n<li>zvo\u010dni signali,<\/li>\n<li>signali in znaki podvodnih dejavnosti.<\/li>\n<\/ul>\n<p><strong>Pomorski predpisi:<\/strong><\/p>\n<ul>\n<li>vpisovanje \u010dolnov, ugotavljanje sposobnosti \u010dolnov za plovbo, red v pristani\u0161\u010dih in ostalih delih morja, oprema in ozna\u010dbe \u010dolna,<\/li>\n<li>pravni re\u017eim notranjih morskih vod in obalnega morja,<\/li>\n<li>omejitve plovbe v posameznih obmo\u010djih notranjih morskih vod in teritorialnega morja,<\/li>\n<li>izobe\u0161anje zastave,<\/li>\n<li>nadzor nad varnostjo plovbe,<\/li>\n<li>prekr\u0161ki,<\/li>\n<li>pomorski upravni organi,<\/li>\n<li>pomorske nezgode,<\/li>\n<li>re\u0161evanje na morju.<\/li>\n<\/ul>\n<p><strong>Osnove navigacije:<\/strong><\/p>\n<ul>\n<li>dolo\u010danje polo\u017eaja \u010dolna,<\/li>\n<li>lu\u010di in ozna\u010dbe na plovni poti,<\/li>\n<li>navti\u010dne karte, njihovo branje in uporaba,<\/li>\n<li>dolo\u010danje kurza plovbe in merjenje oddaljenosti,<\/li>\n<li>priro\u010dniki za plovbo,<\/li>\n<li>oglasi za pomor\u0161\u010dake,<\/li>\n<li>kompas in njegova uporaba,<\/li>\n<li>plovba pod te\u017ejimi pogoji (naravne in umetne ovire: megla, de\u017e, sneg, veter, ozki prehodi, mostovi, kabli in podobno).<\/li>\n<\/ul>\n<p><strong>Osnove motoroznanstva:<\/strong><\/p>\n<ul>\n<li>delovanje motorja &#8211; bencinski in dizelski motor oziroma elektromotor za \u010doln,<\/li>\n<li>priprava motorja za zagon, upravljanje in zaustavitev ter nadzor delovanja motorja,<\/li>\n<li>vrste hlajenj in mazanje, kontrolni instrumenti, odpravljanje manj\u0161ih okvar, vzdr\u017eevanje akumulatorja, vrsta goriva in varnostni ukrepi v \u010dasu polnjenja ter uporaba sredstev za ga\u0161enje po\u017eara.<\/li>\n<\/ul>\n<p><strong>Mornarska dela in ve\u0161\u010dine:<\/strong><\/p>\n<ul>\n<li>vrste \u010dolnov, material in na\u010din gradnje ter vzdr\u017eevanje,<\/li>\n<li>oprema \u010dolnov,<\/li>\n<li>vrste vrvi in njihova uporaba z vozli,<\/li>\n<li>krmilo in krmiljenje, stabilnost \u010dolna glede na razporeditev tovora, nadvodje in ugrez, dimenzije \u010dolnov,<\/li>\n<li>ravnanje v primeru po\u017eara in vdora vode,<\/li>\n<li>nasedanje \u010dolna,<\/li>\n<li>re\u0161evanje osebe iz vode,<\/li>\n<li>prakti\u010dno krmiljenje \u010dolna, pristajanje, sidranje in privezovanje,<\/li>\n<li>vremenske napovedi in stanje voda,<\/li>\n<li>vetrovi in Beauforjeva lestvica,<\/li>\n<li>vpliv morskega ter vodnega toka na plovbo.<\/li>\n<\/ul>\n<blockquote><p>Kurikulum izpita je sestavljen iz najpomembnej\u0161ih znanj in ve\u0161\u010din, ki jih mora obvladati vsak, ki upravlja plovilo.<\/p><\/blockquote>\n<p><strong>Postopek prijave in izvedbe izpita<\/strong><\/p>\n<p><a href=\"http:\/\/www.izpitzacoln.si\/wp-content\/uploads\/2013\/08\/sailsation_mornar.png\"><img loading=\"lazy\" decoding=\"async\" class=\"alignnone size-large wp-image-101\" alt=\"sailsation_mornar\" src=\"http:\/\/www.izpitzacoln.si\/wp-content\/uploads\/2013\/08\/sailsation_mornar-1024x400.png\" width=\"604\" height=\"235\" srcset=\"https:\/\/www.izpitzacoln.si\/wp-content\/uploads\/2013\/08\/sailsation_mornar-1024x400.png 1024w, https:\/\/www.izpitzacoln.si\/wp-content\/uploads\/2013\/08\/sailsation_mornar-300x117.png 300w, https:\/\/www.izpitzacoln.si\/wp-content\/uploads\/2013\/08\/sailsation_mornar.png 1156w\" sizes=\"auto, (max-width: 604px) 100vw, 604px\" \/><\/a><br \/>\nUprava RS za pomorstvo kandidatu dolo\u010di izpitni rok za opravljanje <a href=\"http:\/\/www.izpit-za-coln.si\/\">izpita za voditelja \u010doln<\/a>a na podlagi kandidatove popolne prijave za pristop k <a href=\"http:\/\/www.izpit-za-coln.si\">izpitu za voditelja \u010doln<\/a>a in ga o roku obvesti z na\u010dinom obve\u0161\u010danja, ki ga je kandidat izbral na prijavi.<\/p>\n<p>V kolikor kandidat \u017eeli, da ga v postopku prijave k izpitu zastopa poobla\u0161\u010denec mora k prijavi prilo\u017eiti tudi pisno pooblastilo. V tem primeru se o izpitnem roku obvesti poobla\u0161\u010denca po e-po\u0161ti.<\/p>\n<p>V kolikor kandidat na Upravo dostavi nepopolno prijavo, mu Uprava dolo\u010di rok za dopolnitev prijave. \u010ce kandidat prijave v dolo\u010denem roku ne dopolni z manjkajo\u010dimi prilogami, se prijava s sklepom zavr\u017ee. S tem je postopek zaklju\u010den.<\/p>\n<p>\u010ce kandidat brez opravi\u010dljivega razloga k izpitu na dan izpitnega roka, ki mu ga je dolo\u010dila Uprava, ne pristopi, ali brez opravi\u010dljivega razloga odstopi, ko je \u017ee za\u010del opravljati izpit, se skladno s tretjim odstavkom 10. \u010dlena Pravilnika o upravljanju s \u010dolni \u0161teje, da izpita ni opravil. Glede stro\u0161kov izpita se \u0161teje, kot da je izpit opravljal. Kandidat lahko neudele\u017ebo na izpitu opravi\u010di le pisno s potrdilom, ki opravi\u010duje izostanek, pred izpitom. Kot potrdilo, ki opravi\u010duje izostanek od izpitnega roka se \u0161teje zdravni\u0161ko potrdilo ali potrdilo delodajalca o slu\u017ebeni zadr\u017eanosti ali potrdilo pravne osebe, dru\u0161tva, ali druge podobne organizacije, o zadr\u017eanosti kandidata na dolo\u010den izpitni rok. V opravi\u010dilu morajo biti navedeni osebni podatki kandidata, razlog in okoli\u0161\u010dine zadr\u017eanosti na dolo\u010deni dan izpita, ime in priimek odgovorne osebe, lastnoro\u010dni podpis odgovorne osebe in pe\u010dat.<\/p>\n<p>Kandidat, ki ne opravi izpita iz enega izmed predmetov, mora za opravo izpita pristopiti k popravnemu izpitu iz tega predmeta.<\/p>\n<p>Kandidat, ki ne opravi izpita iz dveh predmetov, izpita ni opravil. Kandidat, ki izpita ni opravil, lahko ponovno pristopi k izpitu po preteku 30 dni od dne opravljanja izpita ter mora za ponoven pristop k izpitu podati novo prijavo z vsemi potrebnimi prilogami.<\/p>\n<p><strong>Te\u010daj za voditelja \u010dolna<\/strong><\/p>\n<p>Glede na zahtevnost izpita, ter na pomembnost obravnavanih tem je zelo priporo\u010den obisk<a href=\"http:\/\/www.navticni-tecaji.si\" target=\"_blank\"> te\u010daja za voditelja \u010dolna<\/a>. Najve\u010dja \u0161ola za navti\u010dna izobra\u017eevanja v Sloveniji pa je <a title=\"Izpit za \u010doln\" href=\"http:\/\/www.navticni-tecaji.si\">www.navticni-tecaji.si <\/a>. \u00a0Te\u010daji v ve\u010dini potekajo v treh sre\u010danjih, ter imajo tudi ponavljalno sre\u010danje tik pred izpitom. Skupno \u0161tevilo delovnih ur na te\u010dajih je 12. Na te\u010daju dobite tudi vso potrebno literaturo ter pripomo\u010dke, ki jih potrebujete za vajo in pripravo na izpit za \u010doln.<\/p>\n","protected":false},"excerpt":{"rendered":"<p>Oseba, ki upravlja \u010doln (razen \u010dolna z motorjem do 7.35 kW in do 7 m dol\u017eine ali vodni skuter, za katere mora imeti najmanj preizkus znanja za upravljanje s \u010dolnom) mora imeti potrdilo o usposobljenosti za voditelja \u010dolna. Oseba, ki upravlja \u010doln dol\u017eine do 12 metrov, mora biti stara najmanj 16 let. Oseba, ki upravlja &hellip; <a href=\"https:\/\/www.izpitzacoln.si\/?page_id=2\" class=\"more-link\">Preberi ve\u010d <span class=\"screen-reader-text\">O izpitu za voditelja \u010dolna<\/span> <span class=\"meta-nav\">&rarr;<\/span><\/a><\/p>\n","protected":false},"author":2,"featured_media":0,"parent":0,"menu_order":0,"comment_status":"open","ping_status":"open","template":"","meta":{"footnotes":""},"class_list":["post-2","page","type-page","status-publish","hentry"],"_links":{"self":[{"href":"https:\/\/www.izpitzacoln.si\/index.php?rest_route=\/wp\/v2\/pages\/2","targetHints":{"allow":["GET"]}}],"collection":[{"href":"https:\/\/www.izpitzacoln.si\/index.php?rest_route=\/wp\/v2\/pages"}],"about":[{"href":"https:\/\/www.izpitzacoln.si\/index.php?rest_route=\/wp\/v2\/types\/page"}],"author":[{"embeddable":true,"href":"https:\/\/www.izpitzacoln.si\/index.php?rest_route=\/wp\/v2\/users\/2"}],"replies":[{"embeddable":true,"href":"https:\/\/www.izpitzacoln.si\/index.php?rest_route=%2Fwp%2Fv2%2Fcomments&post=2"}],"version-history":[{"count":8,"href":"https:\/\/www.izpitzacoln.si\/index.php?rest_route=\/wp\/v2\/pages\/2\/revisions"}],"predecessor-version":[{"id":132,"href":"https:\/\/www.izpitzacoln.si\/index.php?rest_route=\/wp\/v2\/pages\/2\/revisions\/132"}],"wp:attachment":[{"href":"https:\/\/www.izpitzacoln.si\/index.php?rest_route=%2Fwp%2Fv2%2Fmedia&parent=2"}],"curies":[{"name":"wp","href":"https:\/\/api.w.org\/{rel}","templated":true}]}}