{"id":116,"date":"2014-01-24T22:24:08","date_gmt":"2014-01-24T20:24:08","guid":{"rendered":"http:\/\/www.izpitzacoln.si\/?page_id=116"},"modified":"2014-01-24T22:35:11","modified_gmt":"2014-01-24T20:35:11","slug":"izpit-za-vc-za-celinske-vode","status":"publish","type":"page","link":"https:\/\/www.izpitzacoln.si\/?page_id=116","title":{"rendered":"O izpitu za Celinske vode"},"content":{"rendered":"<p>Oseba, ki \u017eeli upravljati \u010doln dol\u017eine do 24 m za osebne namene (\u0161port, razvedrilo, ne glede na vrsto in mo\u010d pogona na obmo\u010dju celinskih voda, mora z imeti izpit za voditelja \u010dolna za celinske vode.<\/p>\n<p><a href=\"http:\/\/www.izpitzacoln.si\/wp-content\/uploads\/2014\/01\/celinske_vode_mala.png\"><img loading=\"lazy\" decoding=\"async\" class=\"alignnone size-full wp-image-120\" alt=\"celinske_vode_mala\" src=\"http:\/\/www.izpitzacoln.si\/wp-content\/uploads\/2014\/01\/celinske_vode_mala.png\" width=\"600\" height=\"367\" srcset=\"https:\/\/www.izpitzacoln.si\/wp-content\/uploads\/2014\/01\/celinske_vode_mala.png 600w, https:\/\/www.izpitzacoln.si\/wp-content\/uploads\/2014\/01\/celinske_vode_mala-300x183.png 300w\" sizes=\"auto, (max-width: 600px) 100vw, 600px\" \/><\/a><br \/>\nPotrdilo o usposobljenosti za voditelja \u010dolna za celinske vode lahko dobi oseba, ki je dopolnila 16 let (\u010dolne dol\u017eine nad 12 metrov ali gliserje pa lahko kljub potrdilu upravlja le oseba, ki je dopolnila 18 let).<\/p>\n<p>Izpitni program za voditelja \u010dolna &#8211; celinske vode<\/p>\n<p>1. Pravila o plovbi po celinskih vodah<br \/>\n2. Drugi predpisi o plovbi po celinskih vodah<br \/>\n3. Osnove navigacije<br \/>\n4. Osnove motoroznanstva<br \/>\n5. Mornarska dela in ve\u0161\u010dine<\/p>\n<p>Pravila o plovbi po celinskih vodah:<br \/>\npravila plovbe v vseh smereh s prakti\u010dnim prikazom z modeli \u010dolnov,<br \/>\nopti\u010dna, posebna in zvo\u010dna znamenja za \u010dolne in druge plovne objekte,<br \/>\nzaznamovanje plovne poti,<\/p>\n<p>Drugi predpisi o plovbi po celinskih vodah:<br \/>\nvpisovanje \u010dolnov celinske plovbe, ugotavljanje sposobnosti \u010dolnov za plovbo, red v pristani\u0161\u010dih in na plovnih poteh celinskih voda, omejitve plovbe na posameznih delih celinskih voda,<br \/>\nzastave,<br \/>\nnadzor nad varnostjo plovbe,<br \/>\nprekr\u0161ki,<br \/>\nupravni organi,<br \/>\nnezgode in re\u0161evanje na celinskih vodah,<\/p>\n<p>Osnove navigacije:<br \/>\nnavti\u010dne karte, njihovo branje in uporaba,<br \/>\ndolo\u010danje kurza plovbe in merjenje oddaljenosti,<br \/>\npriro\u010dniki za plovbo,<br \/>\noglasi za pomor\u0161\u010dake in obvestila za brodarje,<br \/>\nkompas in njegova uporaba,<br \/>\nplovba pod te\u017ejimi pogoji (naravne in umetne ovire: megla, de\u017e, sneg, veter, ozki prehodi, mostovi, kabli in podobno)<br \/>\nvremenske napovedi in stanje voda na celinskih vodah,<br \/>\nvetrovi in Beauforjeva lestvica,<br \/>\nvpliv morskega ter vodnega toka na plovbo.<\/p>\n<p>Osnove motoroznanstva:<br \/>\ndelovanje motorja &#8211; bencinski in dizelski motor oziroma elektromotor za \u010doln,<br \/>\npriprava motorja za zagon, upravljanje in zaustavitev ter nadzor delovanja motorja,<br \/>\nvrste hlajenj in mazanje, kontrolni instrumenti, odpravljanje manj\u0161ih okvar, vzdr\u017eevanje akumulatorja, vrsta goriva in varnostni ukrepi v \u010dasu polnjenja ter uporaba sredstev za ga\u0161enje po\u017eara.<\/p>\n<p>Mornarska dela in ve\u0161\u010dine:<br \/>\nvrste \u010dolnov, material in na\u010din gradnje ter vzdr\u017eevanje,<br \/>\noprema \u010dolnov,<br \/>\nvrste vrvi in njihova uporaba z vozli,<br \/>\nkrmilo in krmiljenje, stabilnost \u010dolna glede na razporeditev tovora, nadvodje in ugrez, dimenzije \u010dolnov,<br \/>\nravnanje v primeru po\u017eara in vdora vode,<br \/>\nnasedanje \u010dolna,<br \/>\nre\u0161evanje osebe iz vode,<br \/>\nprakti\u010dno krmiljenje \u010dolna, pristajanje, sidranje in privezovanje.<\/p>\n<p>Izvajalci te\u010dajev za voditelja \u010dolna za celinske vode:<\/p>\n<p><a href=\"http:\/\/klub.sailsation.eu\">Jadralni klub Sailsation<\/a><\/p>\n<p><a href=\"http:\/\/www.navticni-tecaji.si\">Navticni-tecaji.si<\/a><\/p>\n<p>&nbsp;<\/p>\n","protected":false},"excerpt":{"rendered":"<p>Oseba, ki \u017eeli upravljati \u010doln dol\u017eine do 24 m za osebne namene (\u0161port, razvedrilo, ne glede na vrsto in mo\u010d pogona na obmo\u010dju celinskih voda, mora z imeti izpit za voditelja \u010dolna za celinske vode. Potrdilo o usposobljenosti za voditelja \u010dolna za celinske vode lahko dobi oseba, ki je dopolnila 16 let (\u010dolne dol\u017eine nad &hellip; <a href=\"https:\/\/www.izpitzacoln.si\/?page_id=116\" class=\"more-link\">Preberi ve\u010d <span class=\"screen-reader-text\">O izpitu za Celinske vode<\/span> <span class=\"meta-nav\">&rarr;<\/span><\/a><\/p>\n","protected":false},"author":2,"featured_media":0,"parent":0,"menu_order":0,"comment_status":"closed","ping_status":"open","template":"","meta":{"footnotes":""},"class_list":["post-116","page","type-page","status-publish","hentry"],"_links":{"self":[{"href":"https:\/\/www.izpitzacoln.si\/index.php?rest_route=\/wp\/v2\/pages\/116","targetHints":{"allow":["GET"]}}],"collection":[{"href":"https:\/\/www.izpitzacoln.si\/index.php?rest_route=\/wp\/v2\/pages"}],"about":[{"href":"https:\/\/www.izpitzacoln.si\/index.php?rest_route=\/wp\/v2\/types\/page"}],"author":[{"embeddable":true,"href":"https:\/\/www.izpitzacoln.si\/index.php?rest_route=\/wp\/v2\/users\/2"}],"replies":[{"embeddable":true,"href":"https:\/\/www.izpitzacoln.si\/index.php?rest_route=%2Fwp%2Fv2%2Fcomments&post=116"}],"version-history":[{"count":6,"href":"https:\/\/www.izpitzacoln.si\/index.php?rest_route=\/wp\/v2\/pages\/116\/revisions"}],"predecessor-version":[{"id":124,"href":"https:\/\/www.izpitzacoln.si\/index.php?rest_route=\/wp\/v2\/pages\/116\/revisions\/124"}],"wp:attachment":[{"href":"https:\/\/www.izpitzacoln.si\/index.php?rest_route=%2Fwp%2Fv2%2Fmedia&parent=116"}],"curies":[{"name":"wp","href":"https:\/\/api.w.org\/{rel}","templated":true}]}}